{"id":12,"date":"2024-03-08T15:56:44","date_gmt":"2024-03-08T18:56:44","guid":{"rendered":"https:\/\/leomasterdistribuidora.com.br\/?page_id=12"},"modified":"2024-04-25T11:58:06","modified_gmt":"2024-04-25T14:58:06","slug":"home","status":"publish","type":"page","link":"https:\/\/leomasterdistribuidora.com.br\/","title":{"rendered":"HOME"},"content":{"rendered":"\t\t<div data-elementor-type=\"wp-page\" data-elementor-id=\"12\" class=\"elementor elementor-12\">\n\t\t\t\t<div class=\"elementor-element elementor-element-c81f6e9 e-flex e-con-boxed e-con e-parent\" data-id=\"c81f6e9\" data-element_type=\"container\" data-settings=\"{&quot;background_background&quot;:&quot;classic&quot;}\" data-core-v316-plus=\"true\">\n\t\t\t\t\t<div class=\"e-con-inner\">\n\t\t<div class=\"elementor-element elementor-element-c7afa1b e-con-full e-flex e-con e-child\" data-id=\"c7afa1b\" data-element_type=\"container\" data-settings=\"{&quot;position&quot;:&quot;absolute&quot;}\">\n\t\t\t\t<div class=\"elementor-element elementor-element-122e403 elementor-widget elementor-widget-text-editor\" data-id=\"122e403\" data-element_type=\"widget\" data-widget_type=\"text-editor.default\">\n\t\t\t\t<div class=\"elementor-widget-container\">\n\t\t\t<style>\/*! elementor - v3.20.0 - 11-03-2024 *\/\n.elementor-widget-text-editor.elementor-drop-cap-view-stacked .elementor-drop-cap{background-color:#69727d;color:#fff}.elementor-widget-text-editor.elementor-drop-cap-view-framed .elementor-drop-cap{color:#69727d;border:3px solid;background-color:transparent}.elementor-widget-text-editor:not(.elementor-drop-cap-view-default) .elementor-drop-cap{margin-top:8px}.elementor-widget-text-editor:not(.elementor-drop-cap-view-default) .elementor-drop-cap-letter{width:1em;height:1em}.elementor-widget-text-editor .elementor-drop-cap{float:left;text-align:center;line-height:1;font-size:50px}.elementor-widget-text-editor .elementor-drop-cap-letter{display:inline-block}<\/style>\t\t\t\t<h3>DISTRIBUIDORA LEOMASTER<\/h3>\t\t\t\t\t\t<\/div>\n\t\t\t\t<\/div>\n\t\t\t\t<\/div>\n\t\t<div class=\"elementor-element elementor-element-dda793a e-con-full e-flex e-con e-child\" data-id=\"dda793a\" data-element_type=\"container\">\n\t\t\t\t<div class=\"elementor-element elementor-element-bd2623c elementor-widget__width-initial elementor-widget elementor-widget-button\" data-id=\"bd2623c\" data-element_type=\"widget\" data-widget_type=\"button.default\">\n\t\t\t\t<div class=\"elementor-widget-container\">\n\t\t\t\t\t<div class=\"elementor-button-wrapper\">\n\t\t\t<a class=\"elementor-button elementor-button-link elementor-size-sm\" href=\"https:\/\/api.whatsapp.com\/message\/CZUAN2HAEZOJD1?autoload=1&#038;app_absent=0\" target=\"_blank\">\n\t\t\t\t\t\t<span class=\"elementor-button-content-wrapper\">\n\t\t\t\t\t\t<span class=\"elementor-button-text\">FA\u00c7A SEU PEDIDO<\/span>\n\t\t<\/span>\n\t\t\t\t\t<\/a>\n\t\t<\/div>\n\t\t\t\t<\/div>\n\t\t\t\t<\/div>\n\t\t\t\t<\/div>\n\t\t\t\t<div class=\"elementor-element elementor-element-c2e77ab elementor-widget__width-initial elementor-widget elementor-widget-heading\" data-id=\"c2e77ab\" data-element_type=\"widget\" data-widget_type=\"heading.default\">\n\t\t\t\t<div class=\"elementor-widget-container\">\n\t\t\t<style>\/*! elementor - v3.20.0 - 11-03-2024 *\/\n.elementor-heading-title{padding:0;margin:0;line-height:1}.elementor-widget-heading .elementor-heading-title[class*=elementor-size-]>a{color:inherit;font-size:inherit;line-height:inherit}.elementor-widget-heading .elementor-heading-title.elementor-size-small{font-size:15px}.elementor-widget-heading .elementor-heading-title.elementor-size-medium{font-size:19px}.elementor-widget-heading .elementor-heading-title.elementor-size-large{font-size:29px}.elementor-widget-heading .elementor-heading-title.elementor-size-xl{font-size:39px}.elementor-widget-heading .elementor-heading-title.elementor-size-xxl{font-size:59px}<\/style><h2 class=\"elementor-heading-title elementor-size-default\"><a href=\"https:\/\/api.whatsapp.com\/message\/CZUAN2HAEZOJD1?autoload=1&#038;app_absent=0\" target=\"_blank\">(41) 99910-9798<\/a><\/h2>\t\t<\/div>\n\t\t\t\t<\/div>\n\t\t\t\t<div class=\"elementor-element elementor-element-d965fd0 elementor-widget__width-initial elementor-widget elementor-widget-heading\" data-id=\"d965fd0\" data-element_type=\"widget\" data-widget_type=\"heading.default\">\n\t\t\t\t<div class=\"elementor-widget-container\">\n\t\t\t<h2 class=\"elementor-heading-title elementor-size-default\"><a href=\"https:\/\/wa.me\/message\/CZUAN2HAEZOJD1\">(41) 3246-5118<\/a><\/h2>\t\t<\/div>\n\t\t\t\t<\/div>\n\t\t\t\t\t<\/div>\n\t\t\t\t<\/div>\n\t\t<div class=\"elementor-element elementor-element-ede4ee4 e-con-full e-flex e-con e-parent\" data-id=\"ede4ee4\" data-element_type=\"container\" data-settings=\"{&quot;background_background&quot;:&quot;classic&quot;}\" data-core-v316-plus=\"true\">\n\t\t<div class=\"elementor-element elementor-element-e286159 e-con-full e-flex e-con e-child\" data-id=\"e286159\" data-element_type=\"container\">\n\t\t\t\t<div class=\"elementor-element elementor-element-34b3aeb elementor-widget__width-initial elementor-widget elementor-widget-heading\" data-id=\"34b3aeb\" data-element_type=\"widget\" data-widget_type=\"heading.default\">\n\t\t\t\t<div class=\"elementor-widget-container\">\n\t\t\t<h2 class=\"elementor-heading-title elementor-size-default\"><br>LEOMASTER<br>\n\nRevenda de g\u00e1s <br>\nem Curitiba<\/h2>\t\t<\/div>\n\t\t\t\t<\/div>\n\t\t\t\t<div class=\"elementor-element elementor-element-826e9b3 elementor-align-center elementor-widget elementor-widget-button\" data-id=\"826e9b3\" data-element_type=\"widget\" data-widget_type=\"button.default\">\n\t\t\t\t<div class=\"elementor-widget-container\">\n\t\t\t\t\t<div class=\"elementor-button-wrapper\">\n\t\t\t<a class=\"elementor-button elementor-button-link elementor-size-sm\" href=\"https:\/\/api.whatsapp.com\/message\/CZUAN2HAEZOJD1?autoload=1&#038;app_absent=0\" target=\"_blank\">\n\t\t\t\t\t\t<span class=\"elementor-button-content-wrapper\">\n\t\t\t\t\t\t<span class=\"elementor-button-text\">PE\u00c7A AGORA<\/span>\n\t\t<\/span>\n\t\t\t\t\t<\/a>\n\t\t<\/div>\n\t\t\t\t<\/div>\n\t\t\t\t<\/div>\n\t\t\t\t<\/div>\n\t\t\t\t<\/div>\n\t\t<div class=\"elementor-element elementor-element-4687d53 e-flex e-con-boxed e-con e-parent\" data-id=\"4687d53\" data-element_type=\"container\" data-core-v316-plus=\"true\">\n\t\t\t\t\t<div class=\"e-con-inner\">\n\t\t<div class=\"elementor-element elementor-element-67ad754 e-con-full e-flex e-con e-child\" data-id=\"67ad754\" data-element_type=\"container\">\n\t\t\t\t<div class=\"elementor-element elementor-element-801b0b6 elementor-widget elementor-widget-image\" data-id=\"801b0b6\" data-element_type=\"widget\" data-widget_type=\"image.default\">\n\t\t\t\t<div class=\"elementor-widget-container\">\n\t\t\t<style>\/*! elementor - v3.20.0 - 11-03-2024 *\/\n.elementor-widget-image{text-align:center}.elementor-widget-image a{display:inline-block}.elementor-widget-image a img[src$=\".svg\"]{width:48px}.elementor-widget-image img{vertical-align:middle;display:inline-block}<\/style>\t\t\t\t\t\t\t\t\t\t<img fetchpriority=\"high\" decoding=\"async\" width=\"800\" height=\"779\" src=\"https:\/\/leomasterdistribuidora.com.br\/wp-content\/uploads\/2024\/03\/Nino_Bg_site.png\" class=\"attachment-large size-large wp-image-149\" alt=\"\" srcset=\"https:\/\/leomasterdistribuidora.com.br\/wp-content\/uploads\/2024\/03\/Nino_Bg_site.png 860w, https:\/\/leomasterdistribuidora.com.br\/wp-content\/uploads\/2024\/03\/Nino_Bg_site-300x292.png 300w, https:\/\/leomasterdistribuidora.com.br\/wp-content\/uploads\/2024\/03\/Nino_Bg_site-768x747.png 768w\" sizes=\"(max-width: 800px) 100vw, 800px\" \/>\t\t\t\t\t\t\t\t\t\t\t\t\t<\/div>\n\t\t\t\t<\/div>\n\t\t\t\t<\/div>\n\t\t<div class=\"elementor-element elementor-element-35453a2 e-con-full e-flex e-con e-child\" data-id=\"35453a2\" data-element_type=\"container\">\n\t\t\t\t<div class=\"elementor-element elementor-element-bfb6a0b elementor-widget elementor-widget-text-editor\" data-id=\"bfb6a0b\" data-element_type=\"widget\" data-widget_type=\"text-editor.default\">\n\t\t\t\t<div class=\"elementor-widget-container\">\n\t\t\t\t\t\t\t<p>A Leomaster \u00e9 uma empresa com mais de 5 anos de mercado e conta com entregadores profissionais e altamente capacitados na entrega e instala\u00e7\u00e3o de botij\u00f5es de g\u00e1s em Curitiba.<\/p>\t\t\t\t\t\t<\/div>\n\t\t\t\t<\/div>\n\t\t\t\t<div class=\"elementor-element elementor-element-8657668 elementor-widget elementor-widget-heading\" data-id=\"8657668\" data-element_type=\"widget\" data-widget_type=\"heading.default\">\n\t\t\t\t<div class=\"elementor-widget-container\">\n\t\t\t<h2 class=\"elementor-heading-title elementor-size-default\">CONHE\u00c7A OS NOSSOS PRODUTOS <\/h2>\t\t<\/div>\n\t\t\t\t<\/div>\n\t\t\t\t<div class=\"elementor-element elementor-element-6a81222 elementor-widget elementor-widget-button\" data-id=\"6a81222\" data-element_type=\"widget\" data-widget_type=\"button.default\">\n\t\t\t\t<div class=\"elementor-widget-container\">\n\t\t\t\t\t<div class=\"elementor-button-wrapper\">\n\t\t\t<a class=\"elementor-button elementor-button-link elementor-size-sm\" href=\"#\">\n\t\t\t\t\t\t<span class=\"elementor-button-content-wrapper\">\n\t\t\t\t\t\t<span class=\"elementor-button-text\">Clique aqui<\/span>\n\t\t<\/span>\n\t\t\t\t\t<\/a>\n\t\t<\/div>\n\t\t\t\t<\/div>\n\t\t\t\t<\/div>\n\t\t\t\t<\/div>\n\t\t\t\t\t<\/div>\n\t\t\t\t<\/div>\n\t\t<div class=\"elementor-element elementor-element-df5ca55 e-flex e-con-boxed e-con e-parent\" data-id=\"df5ca55\" data-element_type=\"container\" data-core-v316-plus=\"true\">\n\t\t\t\t\t<div class=\"e-con-inner\">\n\t\t<div class=\"elementor-element elementor-element-bdcc15f e-con-full e-flex e-con e-child\" data-id=\"bdcc15f\" data-element_type=\"container\">\n\t\t\t\t<div class=\"elementor-element elementor-element-34ef02e elementor-widget elementor-widget-image\" data-id=\"34ef02e\" data-element_type=\"widget\" data-widget_type=\"image.default\">\n\t\t\t\t<div class=\"elementor-widget-container\">\n\t\t\t\t\t\t\t\t\t\t\t\t\t<img decoding=\"async\" width=\"800\" height=\"800\" src=\"https:\/\/leomasterdistribuidora.com.br\/wp-content\/uploads\/2024\/03\/alguma-coisa-3-1024x1024.png\" class=\"attachment-large size-large wp-image-190\" alt=\"\" srcset=\"https:\/\/leomasterdistribuidora.com.br\/wp-content\/uploads\/2024\/03\/alguma-coisa-3-1024x1024.png 1024w, https:\/\/leomasterdistribuidora.com.br\/wp-content\/uploads\/2024\/03\/alguma-coisa-3-300x300.png 300w, https:\/\/leomasterdistribuidora.com.br\/wp-content\/uploads\/2024\/03\/alguma-coisa-3-150x150.png 150w, https:\/\/leomasterdistribuidora.com.br\/wp-content\/uploads\/2024\/03\/alguma-coisa-3-768x768.png 768w, https:\/\/leomasterdistribuidora.com.br\/wp-content\/uploads\/2024\/03\/alguma-coisa-3.png 1028w\" sizes=\"(max-width: 800px) 100vw, 800px\" \/>\t\t\t\t\t\t\t\t\t\t\t\t\t<\/div>\n\t\t\t\t<\/div>\n\t\t\t\t<div class=\"elementor-element elementor-element-806f7b6 elementor-widget elementor-widget-text-editor\" data-id=\"806f7b6\" data-element_type=\"widget\" data-widget_type=\"text-editor.default\">\n\t\t\t\t<div class=\"elementor-widget-container\">\n\t\t\t\t\t\t\t<p>01. Nosso hor\u00e1rio de atendimento.\u00a0<\/p><p>\u00a0<\/p><p>Seg. a Sexta- Feira: 8:00 \u00e1s 19:30 hr.<\/p><p>Sabado: 8:30 \u00e1s 18:00 hr.<\/p><p>Domingo: Fechado.<\/p>\t\t\t\t\t\t<\/div>\n\t\t\t\t<\/div>\n\t\t\t\t<\/div>\n\t\t<div class=\"elementor-element elementor-element-4b8d325 e-con-full e-flex e-con e-child\" data-id=\"4b8d325\" data-element_type=\"container\">\n\t\t\t\t<div class=\"elementor-element elementor-element-f04496e elementor-widget elementor-widget-image\" data-id=\"f04496e\" data-element_type=\"widget\" data-widget_type=\"image.default\">\n\t\t\t\t<div class=\"elementor-widget-container\">\n\t\t\t\t\t\t\t\t\t\t\t\t\t<img decoding=\"async\" width=\"1028\" height=\"1028\" src=\"https:\/\/leomasterdistribuidora.com.br\/wp-content\/uploads\/2024\/03\/alguma-coisa-5.png\" class=\"attachment-full size-full wp-image-195\" alt=\"\" srcset=\"https:\/\/leomasterdistribuidora.com.br\/wp-content\/uploads\/2024\/03\/alguma-coisa-5.png 1028w, https:\/\/leomasterdistribuidora.com.br\/wp-content\/uploads\/2024\/03\/alguma-coisa-5-300x300.png 300w, https:\/\/leomasterdistribuidora.com.br\/wp-content\/uploads\/2024\/03\/alguma-coisa-5-1024x1024.png 1024w, https:\/\/leomasterdistribuidora.com.br\/wp-content\/uploads\/2024\/03\/alguma-coisa-5-150x150.png 150w, https:\/\/leomasterdistribuidora.com.br\/wp-content\/uploads\/2024\/03\/alguma-coisa-5-768x768.png 768w\" sizes=\"(max-width: 1028px) 100vw, 1028px\" \/>\t\t\t\t\t\t\t\t\t\t\t\t\t<\/div>\n\t\t\t\t<\/div>\n\t\t\t\t<div class=\"elementor-element elementor-element-cbfe823 elementor-widget elementor-widget-text-editor\" data-id=\"cbfe823\" data-element_type=\"widget\" data-widget_type=\"text-editor.default\">\n\t\t\t\t<div class=\"elementor-widget-container\">\n\t\t\t\t\t\t\t<p>02.Melhores pre\u00e7os.<\/p><p>Buscamos sempre atender nosso clientes da forma mais eficiente poss\u00edvel com um pre\u00e7o justo.<\/p><p>\u00a0<\/p>\t\t\t\t\t\t<\/div>\n\t\t\t\t<\/div>\n\t\t\t\t<\/div>\n\t\t<div class=\"elementor-element elementor-element-2a4ea3b e-con-full e-flex e-con e-child\" data-id=\"2a4ea3b\" data-element_type=\"container\">\n\t\t\t\t<div class=\"elementor-element elementor-element-829cbc9 elementor-widget elementor-widget-image\" data-id=\"829cbc9\" data-element_type=\"widget\" data-widget_type=\"image.default\">\n\t\t\t\t<div class=\"elementor-widget-container\">\n\t\t\t\t\t\t\t\t\t\t\t\t\t<img loading=\"lazy\" decoding=\"async\" width=\"800\" height=\"800\" src=\"https:\/\/leomasterdistribuidora.com.br\/wp-content\/uploads\/2024\/03\/alguma-coisa-2-1024x1024.png\" class=\"attachment-large size-large wp-image-189\" alt=\"\" srcset=\"https:\/\/leomasterdistribuidora.com.br\/wp-content\/uploads\/2024\/03\/alguma-coisa-2-1024x1024.png 1024w, https:\/\/leomasterdistribuidora.com.br\/wp-content\/uploads\/2024\/03\/alguma-coisa-2-300x300.png 300w, https:\/\/leomasterdistribuidora.com.br\/wp-content\/uploads\/2024\/03\/alguma-coisa-2-150x150.png 150w, https:\/\/leomasterdistribuidora.com.br\/wp-content\/uploads\/2024\/03\/alguma-coisa-2-768x768.png 768w, https:\/\/leomasterdistribuidora.com.br\/wp-content\/uploads\/2024\/03\/alguma-coisa-2.png 1028w\" sizes=\"(max-width: 800px) 100vw, 800px\" \/>\t\t\t\t\t\t\t\t\t\t\t\t\t<\/div>\n\t\t\t\t<\/div>\n\t\t\t\t<div class=\"elementor-element elementor-element-1361bef elementor-widget elementor-widget-text-editor\" data-id=\"1361bef\" data-element_type=\"widget\" data-widget_type=\"text-editor.default\">\n\t\t\t\t<div class=\"elementor-widget-container\">\n\t\t\t\t\t\t\t<p>03. Fornecedores de confian\u00e7a.<\/p><p>Contamos com os melhores fornecedores de g\u00e1s e \u00e1gua do mercado.<\/p>\t\t\t\t\t\t<\/div>\n\t\t\t\t<\/div>\n\t\t\t\t<\/div>\n\t\t<div class=\"elementor-element elementor-element-adb4b99 e-con-full e-flex e-con e-child\" data-id=\"adb4b99\" data-element_type=\"container\">\n\t\t\t\t<div class=\"elementor-element elementor-element-0b8458a elementor-widget elementor-widget-image\" data-id=\"0b8458a\" data-element_type=\"widget\" data-widget_type=\"image.default\">\n\t\t\t\t<div class=\"elementor-widget-container\">\n\t\t\t\t\t\t\t\t\t\t\t\t\t<img loading=\"lazy\" decoding=\"async\" width=\"800\" height=\"800\" src=\"https:\/\/leomasterdistribuidora.com.br\/wp-content\/uploads\/2024\/03\/alguma-coisa-4-1024x1024.png\" class=\"attachment-large size-large wp-image-191\" alt=\"\" srcset=\"https:\/\/leomasterdistribuidora.com.br\/wp-content\/uploads\/2024\/03\/alguma-coisa-4-1024x1024.png 1024w, https:\/\/leomasterdistribuidora.com.br\/wp-content\/uploads\/2024\/03\/alguma-coisa-4-300x300.png 300w, https:\/\/leomasterdistribuidora.com.br\/wp-content\/uploads\/2024\/03\/alguma-coisa-4-150x150.png 150w, https:\/\/leomasterdistribuidora.com.br\/wp-content\/uploads\/2024\/03\/alguma-coisa-4-768x768.png 768w, https:\/\/leomasterdistribuidora.com.br\/wp-content\/uploads\/2024\/03\/alguma-coisa-4.png 1028w\" sizes=\"(max-width: 800px) 100vw, 800px\" \/>\t\t\t\t\t\t\t\t\t\t\t\t\t<\/div>\n\t\t\t\t<\/div>\n\t\t\t\t<div class=\"elementor-element elementor-element-3a1e5af elementor-widget elementor-widget-text-editor\" data-id=\"3a1e5af\" data-element_type=\"widget\" data-widget_type=\"text-editor.default\">\n\t\t\t\t<div class=\"elementor-widget-container\">\n\t\t\t\t\t\t\t<p>02.Estoque completo.<\/p><p>Temos orgulho e confian\u00e7a em nosso estoque para n\u00e3o deixar faltar os produtos essenciais do seu lar.<\/p>\t\t\t\t\t\t<\/div>\n\t\t\t\t<\/div>\n\t\t\t\t<\/div>\n\t\t\t\t\t<\/div>\n\t\t\t\t<\/div>\n\t\t<div class=\"elementor-element elementor-element-eef9a6e e-flex e-con-boxed e-con e-parent\" data-id=\"eef9a6e\" data-element_type=\"container\" data-settings=\"{&quot;background_background&quot;:&quot;classic&quot;}\" data-core-v316-plus=\"true\">\n\t\t\t\t\t<div class=\"e-con-inner\">\n\t\t<div class=\"elementor-element elementor-element-3b8a756 e-con-full e-flex e-con e-child\" data-id=\"3b8a756\" data-element_type=\"container\">\n\t\t\t\t<div class=\"elementor-element elementor-element-bd2fc49 elementor-widget elementor-widget-google_maps\" data-id=\"bd2fc49\" data-element_type=\"widget\" data-widget_type=\"google_maps.default\">\n\t\t\t\t<div class=\"elementor-widget-container\">\n\t\t\t<style>\/*! elementor - v3.20.0 - 11-03-2024 *\/\n.elementor-widget-google_maps .elementor-widget-container{overflow:hidden}.elementor-widget-google_maps .elementor-custom-embed{line-height:0}.elementor-widget-google_maps iframe{height:300px}<\/style>\t\t<div class=\"elementor-custom-embed\">\n\t\t\t<iframe loading=\"lazy\"\n\t\t\t\t\tsrc=\"https:\/\/maps.google.com\/maps?q=distribuidora%20de%20gas%20leomaster&#038;t=m&#038;z=15&#038;output=embed&#038;iwloc=near\"\n\t\t\t\t\ttitle=\"distribuidora de gas leomaster\"\n\t\t\t\t\taria-label=\"distribuidora de gas leomaster\"\n\t\t\t><\/iframe>\n\t\t<\/div>\n\t\t\t\t<\/div>\n\t\t\t\t<\/div>\n\t\t\t\t<\/div>\n\t\t<div class=\"elementor-element elementor-element-737f954 e-con-full e-flex e-con e-child\" data-id=\"737f954\" data-element_type=\"container\">\n\t\t\t\t<div class=\"elementor-element elementor-element-8c3cc1a elementor-widget elementor-widget-heading\" data-id=\"8c3cc1a\" data-element_type=\"widget\" data-widget_type=\"heading.default\">\n\t\t\t\t<div class=\"elementor-widget-container\">\n\t\t\t<h2 class=\"elementor-heading-title elementor-size-default\">Contatos:<br><\/h2>\t\t<\/div>\n\t\t\t\t<\/div>\n\t\t\t\t<div class=\"elementor-element elementor-element-c836d7f elementor-widget elementor-widget-text-editor\" data-id=\"c836d7f\" data-element_type=\"widget\" data-widget_type=\"text-editor.default\">\n\t\t\t\t<div class=\"elementor-widget-container\">\n\t\t\t\t\t\t\t<p>contato@distribuidoraleomaster.com.br<\/p><p>Telefones :\u00a0<\/p><p>Fixo\u00a0 (41) 3246-5118\u00a0<\/p><p>Celular e whatsapp (41) 99910-9798<\/p>\t\t\t\t\t\t<\/div>\n\t\t\t\t<\/div>\n\t\t\t\t<\/div>\n\t\t\t\t\t<\/div>\n\t\t\t\t<\/div>\n\t\t\t\t<\/div>\n\t\t","protected":false},"excerpt":{"rendered":"<p>DISTRIBUIDORA LEOMASTER FA\u00c7A SEU PEDIDO (41) 99910-9798 (41) 3246-5118 LEOMASTER Revenda de g\u00e1s em Curitiba PE\u00c7A AGORA A Leomaster \u00e9 uma empresa com mais de 5 anos de mercado e conta com entregadores profissionais e altamente capacitados na entrega e instala\u00e7\u00e3o de botij\u00f5es de g\u00e1s em Curitiba. CONHE\u00c7A OS NOSSOS PRODUTOS Clique aqui 01. Nosso [&hellip;]<\/p>\n","protected":false},"author":1,"featured_media":0,"parent":0,"menu_order":0,"comment_status":"closed","ping_status":"closed","template":"elementor_canvas","meta":{"footnotes":""},"_links":{"self":[{"href":"https:\/\/leomasterdistribuidora.com.br\/index.php\/wp-json\/wp\/v2\/pages\/12"}],"collection":[{"href":"https:\/\/leomasterdistribuidora.com.br\/index.php\/wp-json\/wp\/v2\/pages"}],"about":[{"href":"https:\/\/leomasterdistribuidora.com.br\/index.php\/wp-json\/wp\/v2\/types\/page"}],"author":[{"embeddable":true,"href":"https:\/\/leomasterdistribuidora.com.br\/index.php\/wp-json\/wp\/v2\/users\/1"}],"replies":[{"embeddable":true,"href":"https:\/\/leomasterdistribuidora.com.br\/index.php\/wp-json\/wp\/v2\/comments?post=12"}],"version-history":[{"count":190,"href":"https:\/\/leomasterdistribuidora.com.br\/index.php\/wp-json\/wp\/v2\/pages\/12\/revisions"}],"predecessor-version":[{"id":267,"href":"https:\/\/leomasterdistribuidora.com.br\/index.php\/wp-json\/wp\/v2\/pages\/12\/revisions\/267"}],"wp:attachment":[{"href":"https:\/\/leomasterdistribuidora.com.br\/index.php\/wp-json\/wp\/v2\/media?parent=12"}],"curies":[{"name":"wp","href":"https:\/\/api.w.org\/{rel}","templated":true}]}}